{"id":55,"date":"2021-12-09T14:24:23","date_gmt":"2021-12-09T05:24:23","guid":{"rendered":"https:\/\/www.mitsuwa-msline.co.jp\/en\/?page_id=55"},"modified":"2021-12-10T15:46:01","modified_gmt":"2021-12-10T06:46:01","slug":"seihin","status":"publish","type":"page","link":"https:\/\/www.mitsuwa-msline.co.jp\/en\/seihin","title":{"rendered":"METALLIC YARN PRODUCTS"},"content":{"rendered":"\n<div class=\"wp-block-columns has-3-columns is-layout-flex wp-container-core-columns-layout-1 wp-block-columns-is-layout-flex\">\n<div class=\"wp-block-column is-layout-flow wp-block-column-is-layout-flow\">\n<h2 class=\"wp-block-heading\">MARUYORI<br>(pure silver metallized)<br><br><\/h2>\n\n\n\n<figure class=\"wp-block-image img_wrap\"><a href=\"https:\/\/www.mitsuwa-msline.co.jp\/en\/maruyori-jungin\"><img decoding=\"async\" src=\"https:\/\/www.mitsuwa-msline.co.jp\/cms\/wp-content\/uploads\/2019\/12\/maruyori-jungin.jpg\" alt=\"pure silver metallized\"\/><\/a><\/figure>\n<\/div>\n\n\n\n<div class=\"wp-block-column is-layout-flow wp-block-column-is-layout-flow\">\n<h2 class=\"wp-block-heading\">MARUYORI<br>(appr. 250D, with Japanese paper,\n    various colors)<\/h2>\n\n\n\n<figure class=\"wp-block-image img_wrap\"><a href=\"https:\/\/www.mitsuwa-msline.co.jp\/en\/maruyori-1kake\"><img decoding=\"async\" src=\"https:\/\/www.mitsuwa-msline.co.jp\/cms\/wp-content\/uploads\/2019\/12\/maruyori-1.jpg\" alt=\"appr. 250D, with Japanese paper,\n    various colors\"\/><\/a><\/figure>\n<\/div>\n\n\n\n<div class=\"wp-block-column is-layout-flow wp-block-column-is-layout-flow\">\n<h2 class=\"wp-block-heading\">MARUYORI<br>(SNDP-100)<br><br><br><\/h2>\n\n\n\n<figure class=\"wp-block-image img_wrap\"><a href=\"https:\/\/www.mitsuwa-msline.co.jp\/en\/maruyori-sndp100\"><img decoding=\"async\" src=\"https:\/\/www.mitsuwa-msline.co.jp\/cms\/wp-content\/uploads\/2019\/12\/maruyori-100.jpg\" alt=\"SNDP-100\"\/><\/a><\/figure>\n\n\n\n<p><\/p>\n<\/div>\n<\/div>\n\n\n\n<div class=\"wp-block-columns has-3-columns is-layout-flex wp-container-core-columns-layout-2 wp-block-columns-is-layout-flex\">\n<div class=\"wp-block-column is-layout-flow wp-block-column-is-layout-flow\">\n<h2 class=\"wp-block-heading\">MARUYORI<br>(aluminum metallized)<\/h2>\n\n\n\n<figure class=\"wp-block-image img_wrap\"><a href=\"https:\/\/www.mitsuwa-msline.co.jp\/en\/maruyori_alumi\"><img decoding=\"async\" src=\"https:\/\/www.mitsuwa-msline.co.jp\/cms\/wp-content\/uploads\/2019\/12\/maruyori-alumi.jpg\" alt=\"MARUYORI\n    (aluminum metallized)\"\/><\/a><\/figure>\n<\/div>\n\n\n\n<div class=\"wp-block-column is-layout-flow wp-block-column-is-layout-flow\">\n<h2 class=\"wp-block-heading\">MARUYORI<br>(SA-140)<\/h2>\n\n\n\n<figure class=\"wp-block-image img_wrap\"><a href=\"https:\/\/www.mitsuwa-msline.co.jp\/en\/maruyori-sa140\"><img decoding=\"async\" src=\"https:\/\/www.mitsuwa-msline.co.jp\/cms\/wp-content\/uploads\/2019\/12\/maruyori-140.jpg\" alt=\"SA-140\"\/><\/a><\/figure>\n<\/div>\n\n\n\n<div class=\"wp-block-column is-layout-flow wp-block-column-is-layout-flow\">\n<h2 class=\"wp-block-heading\">MARUYORI<br>(Jabara)<\/h2>\n\n\n\n<figure class=\"wp-block-image img_wrap\"><a href=\"https:\/\/www.mitsuwa-msline.co.jp\/en\/maruyori_jabara\"><img decoding=\"async\" src=\"https:\/\/www.mitsuwa-msline.co.jp\/cms\/wp-content\/uploads\/2019\/12\/maruyori-jyabara.jpg\" alt=\"Jabara\"\/><\/a><\/figure>\n<\/div>\n<\/div>\n\n\n\n<div class=\"wp-block-columns has-3-columns is-layout-flex wp-container-core-columns-layout-3 wp-block-columns-is-layout-flex\">\n<div class=\"wp-block-column is-layout-flow wp-block-column-is-layout-flow\">\n<h2 class=\"wp-block-heading\">HIRA<\/h2>\n\n\n\n<figure class=\"wp-block-image img_wrap\"><a href=\"https:\/\/www.mitsuwa-msline.co.jp\/en\/hira\"><img decoding=\"async\" src=\"https:\/\/www.mitsuwa-msline.co.jp\/cms\/wp-content\/uploads\/2019\/12\/hira.jpg\" alt=\"HIRA\"\/><\/a><\/figure>\n<\/div>\n\n\n\n<div class=\"wp-block-column is-layout-flow wp-block-column-is-layout-flow\">\n<h2 class=\"wp-block-heading\">TASUKI<\/h2>\n\n\n\n<figure class=\"wp-block-image img_wrap\"><a href=\"https:\/\/www.mitsuwa-msline.co.jp\/en\/tasuki\"><img decoding=\"async\" src=\"https:\/\/www.mitsuwa-msline.co.jp\/cms\/wp-content\/uploads\/2019\/12\/tasuki.jpg\" alt=\"TASUKI\"\/><\/a><\/figure>\n<\/div>\n\n\n\n<div class=\"wp-block-column is-layout-flow wp-block-column-is-layout-flow\">\n<h2 class=\"wp-block-heading\">HAGOROMO<\/h2>\n\n\n\n<figure class=\"wp-block-image img_wrap\"><a href=\"https:\/\/www.mitsuwa-msline.co.jp\/en\/hagoromo-2\"><img decoding=\"async\" src=\"https:\/\/www.mitsuwa-msline.co.jp\/cms\/wp-content\/uploads\/2019\/12\/hagoromo.jpg\" alt=\"HAGOROMO\"\/><\/a><\/figure>\n<\/div>\n<\/div>\n\n\n\n<div class=\"clear\"><hr>\n    <h4 style=\"float: left;\"><a name=\"chuui1\"><\/a>\uff1cInstructions for the use of metallic yarn\uff1e<\/h4>\n    <ol>\n    <li>Use products separately according to the lot number.<\/li>\n    <li>Do not stretch metallic yarn excessively.<\/li>\n    <li>Pay attention to acids or alkalis which may exist in other materials that are used together with metallic yarn.<\/li>\n    <li>Make sure the metallic yarn you selected matches the dyeing condition.<\/li>\n    <li>Before formally dyeing a metallic yarn, please do a dyeing test.<\/li>\n    <li>Please consult with us concerning dyeing conditions or methods.<\/li>\n    <li> Please contact us immediately if you should have any trouble in the use of metallic yarn. <\/li>\n    <li>Pearl lam\u00e9&#8217;s color tone is given by mixing colors which are mainly pink and blue.<br>However if a specific color is too thick at some parts, the tone will appear to be different from other parts. Therefore, even in the same cone, joints of threads may show different tones from the other part. This characteristic of showing different tones will be more conspicuous specifically when you twist a pearl lam\u00e9 thread and a deep color thread together, or dye a deep color over pearl lam\u00e9 color. Please note this characteristic of pearl lam\u00e9 color in advance.<\/li>\n    <li>We excluded some product samples when updating the catalogue to the current version, because those products became order-made or out of production.<br>In case you need information for them, please inquire with us. <\/li>\n    <\/ol>\n    <h4 style=\"float: left;\"><a name=\"chuui2\"><\/a>\uff1cInsutructions for the use and storage of products containing metallic yarn\uff1e<\/h4>\n    <ol>\n    <li>Promptly remove stains of sweat, drinks, etc. by water washing or dry cleaning.<\/li>\n    <li>Products of deep color should be separated from other laundry when washing.<\/li>\n    <li>Avoid contact with other products which contain acids or alkalis.<\/li>\n    <li>For storage, please dry the product sufficiently, and keep it in a thick bag made of polyethylene.<\/li>\n    <li>Avoid using insecticides, unless use one which is designated for the storage of metallic yarn.<\/li>\n    <\/ol>\n    <\/div>\n\n\n\n<p><\/p>\n","protected":false},"excerpt":{"rendered":"MARUYORI(pure silver metallized) MARUYORI(appr. 250D, with Japanese paper, various colors) MARUYORI(SNDP-100)  &#8230;","protected":false},"author":1,"featured_media":0,"parent":0,"menu_order":0,"comment_status":"closed","ping_status":"closed","template":"","meta":{"footnotes":""},"_links":{"self":[{"href":"https:\/\/www.mitsuwa-msline.co.jp\/en\/wp-json\/wp\/v2\/pages\/55"}],"collection":[{"href":"https:\/\/www.mitsuwa-msline.co.jp\/en\/wp-json\/wp\/v2\/pages"}],"about":[{"href":"https:\/\/www.mitsuwa-msline.co.jp\/en\/wp-json\/wp\/v2\/types\/page"}],"author":[{"embeddable":true,"href":"https:\/\/www.mitsuwa-msline.co.jp\/en\/wp-json\/wp\/v2\/users\/1"}],"replies":[{"embeddable":true,"href":"https:\/\/www.mitsuwa-msline.co.jp\/en\/wp-json\/wp\/v2\/comments?post=55"}],"version-history":[{"count":14,"href":"https:\/\/www.mitsuwa-msline.co.jp\/en\/wp-json\/wp\/v2\/pages\/55\/revisions"}],"predecessor-version":[{"id":160,"href":"https:\/\/www.mitsuwa-msline.co.jp\/en\/wp-json\/wp\/v2\/pages\/55\/revisions\/160"}],"wp:attachment":[{"href":"https:\/\/www.mitsuwa-msline.co.jp\/en\/wp-json\/wp\/v2\/media?parent=55"}],"curies":[{"name":"wp","href":"https:\/\/api.w.org\/{rel}","templated":true}]}}